{"id":46,"date":"2017-03-25T20:24:03","date_gmt":"2017-03-25T20:24:03","guid":{"rendered":"https:\/\/danteamman.org\/?page_id=46"},"modified":"2024-12-22T16:45:23","modified_gmt":"2024-12-22T13:45:23","slug":"become-a-member","status":"publish","type":"page","link":"https:\/\/danteamman.org\/it\/become-a-member\/","title":{"rendered":"DIVENTA SOCIO"},"content":{"rendered":"<h1><span style=\"color: #ffffff; background-color: #00ccff;\">VANTAGGI DELLA TESSERA DANTE<\/span><\/h1>\n<ul>\n<li>Diventare <strong>membro di una rete mondiale<\/strong> di 200.000 persone;<\/li>\n<li><strong>Contributo alla comunit\u00e0:\u00a0<\/strong>l&#8217;iscrizione rappresenta una concreta opportunit\u00e0 per sostenere iniziative culturali di valore e contribuire al sostegno della Societ\u00e0 Dante Alighieri di Amman.<\/li>\n<li><strong>Possibilit\u00e0 di fare proposte culturali:\u00a0<\/strong>i membri ordinari possono proporre e contribuire a idee e progetti per arricchire il programma culturale del Comitato.<\/li>\n<li><strong>Opportunit\u00e0 professionali:\u00a0<\/strong>i membri possono essere selezionati per partecipare a call relative a progetti e iniziative promosse dalla Dante Alighieri.<\/li>\n<li><strong>Utilizzo degli spazi culturali:\u00a0<\/strong>attraverso un contributo minimo, i membri possono richiedere di usufruire degli spazi della Societ\u00e0 per organizzare eventi o attivit\u00e0 culturali di interesse per la comunit\u00e0 italiana e giordana e per promuovere il reciproco contatto.<\/li>\n<li><strong>Sconti: <\/strong>prezzi ridotti per musei, teatri, cinema e attrazioni in Italia. <a href=\"https:\/\/danteamman.org\/wp-content\/uploads\/2023\/04\/Principali-convenzioni-SDA.pdf\">(elenco convenzioni)<\/a><\/li>\n<li><strong>Accesso privilegiato ai servizi e agli eventi:\u00a0<\/strong>i membri ordinari riceveranno inviti personalizzati per partecipare ad <strong>eventi esclusivi<\/strong> e ricevere aggiornamenti prioritari sulle attivit\u00e0 organizzate dal Comitato.\u00a0La tessera soci d\u00e0 libero accesso alla\u00a0<strong>biblioteca<\/strong>\u00a0della Dante Alighieri di Amman e al <strong>gruppo di lettura<\/strong> mensile.<\/li>\n<li><strong>Certificato di Membership: <\/strong>le istituzioni accademiche richiedono l\u2019adesione a societ\u00e0 e centri culturali locali come forma di contributo e di partecipazione al servizio della comunit\u00e0.\u00a0<\/li>\n<\/ul>\n<h1><span style=\"background-color: #00ccff; color: #ffffff;\">REQUISITI PER DIVENTARE SOCIO<\/span><\/h1>\n<ul>\n<li>Essere <strong>residenti<\/strong> in Giordania<\/li>\n<li>Avere <strong>pi\u00f9 di 18 anni<\/strong> di et\u00e0<\/li>\n<\/ul>\n<h1><span style=\"color: #ffffff; background-color: #00ccff;\">SCEGLI IL PIANO PI\u00d9 ADDATTO A TE<\/span><\/h1>\n<ul>\n<li><strong>Socio ordinario:<\/strong> oltre ai vantaggi gi\u00e0 elencati, i membri hanno il diritto di votare per l\u2019elezione del consiglio direttivo e possono candidarsi per entrare a farne parte. La quota annuale \u00e8 di 35 JOD.\u00a0<\/li>\n<li><strong>Socio benefattore:<\/strong> sostiene l\u2019associazione in tutte o in parte delle sue attivit\u00e0 attraverso la donazione di un contributo annuale.<\/li>\n<li><strong>Socio studente:<\/strong> tutti gli studenti dei corsi di italiano e i candidati alla certificazione PLIDA, pagano una quota annuale di 3 JOD.<\/li>\n<\/ul>\n\n\n<h1><span style=\"background-color: #00ccff; color: #ffffff;\">COME FARE PER DIVENTARE SOCIO<\/span><\/h1>\n<h4><strong>Visualizza lo <a href=\"https:\/\/danteamman.org\/wp-content\/uploads\/2024\/12\/Statuto-Dante-Amman-approvato-18.08.2021-ITALIANO.pdf\">Statuto<\/a> e compila il <a href=\"https:\/\/danteamman.org\/wp-content\/uploads\/2024\/12\/Modulo-di-iscrizione-Soci-1.pdf\">modulo<\/a>.\u00a0<\/strong><\/h4>\n<p>\u00a0<\/p>\n\n\n","protected":false},"excerpt":{"rendered":"<p>VANTAGGI DELLA TESSERA DANTE Diventare membro di una rete mondiale&#8230;<\/p>\n","protected":false},"author":1,"featured_media":0,"parent":0,"menu_order":0,"comment_status":"closed","ping_status":"closed","template":"","meta":{"om_disable_all_campaigns":false,"jetpack_post_was_ever_published":false,"footnotes":""},"class_list":["post-46","page","type-page","status-publish","hentry"],"translation":{"provider":"WPGlobus","version":"3.0.2","language":"it","enabled_languages":["en","it","ar"],"languages":{"en":{"title":true,"content":true,"excerpt":false},"it":{"title":true,"content":true,"excerpt":false},"ar":{"title":true,"content":true,"excerpt":false}}},"jetpack_sharing_enabled":true,"jetpack_shortlink":"https:\/\/wp.me\/PaxwBm-K","jetpack-related-posts":[],"post_mailing_queue_ids":[],"_links":{"self":[{"href":"https:\/\/danteamman.org\/it\/wp-json\/wp\/v2\/pages\/46","targetHints":{"allow":["GET"]}}],"collection":[{"href":"https:\/\/danteamman.org\/it\/wp-json\/wp\/v2\/pages"}],"about":[{"href":"https:\/\/danteamman.org\/it\/wp-json\/wp\/v2\/types\/page"}],"author":[{"embeddable":true,"href":"https:\/\/danteamman.org\/it\/wp-json\/wp\/v2\/users\/1"}],"replies":[{"embeddable":true,"href":"https:\/\/danteamman.org\/it\/wp-json\/wp\/v2\/comments?post=46"}],"version-history":[{"count":85,"href":"https:\/\/danteamman.org\/it\/wp-json\/wp\/v2\/pages\/46\/revisions"}],"predecessor-version":[{"id":4884,"href":"https:\/\/danteamman.org\/it\/wp-json\/wp\/v2\/pages\/46\/revisions\/4884"}],"wp:attachment":[{"href":"https:\/\/danteamman.org\/it\/wp-json\/wp\/v2\/media?parent=46"}],"curies":[{"name":"wp","href":"https:\/\/api.w.org\/{rel}","templated":true}]}}